{"id":883,"date":"2023-01-23T20:12:38","date_gmt":"2023-01-23T18:12:38","guid":{"rendered":"https:\/\/www.pro.testebossnet1.ro\/?page_id=883"},"modified":"2023-01-24T21:30:44","modified_gmt":"2023-01-24T19:30:44","slug":"directioneaza-2-din-impozit","status":"publish","type":"page","link":"https:\/\/www.proculture.ro\/pro\/directioneaza-2-din-impozit\/","title":{"rendered":"Direc\u021bioneaz\u0103 2% din Impozit"},"content":{"rendered":"\t\t<div data-elementor-type=\"wp-page\" data-elementor-id=\"883\" class=\"elementor elementor-883\">\n\t\t\t\t\t\t<section class=\"elementor-section elementor-top-section elementor-element elementor-element-af6f039 elementor-section-boxed elementor-section-height-default elementor-section-height-default wd-section-disabled\" data-id=\"af6f039\" data-element_type=\"section\">\n\t\t\t\t\t\t<div class=\"elementor-container elementor-column-gap-default\">\n\t\t\t\t\t<div class=\"elementor-column elementor-col-50 elementor-top-column elementor-element elementor-element-a8fadb6\" data-id=\"a8fadb6\" data-element_type=\"column\">\n\t\t\t<div class=\"elementor-widget-wrap elementor-element-populated\">\n\t\t\t\t\t\t<div class=\"elementor-element elementor-element-3e83196 elementor-widget elementor-widget-wd_title\" data-id=\"3e83196\" data-element_type=\"widget\" data-widget_type=\"wd_title.default\">\n\t\t\t\t<div class=\"elementor-widget-container\">\n\t\t\t\t\t\t\t<div class=\"title-wrapper set-mb-s reset-last-child wd-title-color-default wd-title-style-default wd-title-size-default text-left\">\n\n\t\t\t\n\t\t\t<div class=\"liner-continer\">\n\t\t\t\t<h4 class=\"woodmart-title-container title wd-fontsize-l\">Doneaza 2% din impozit pentru Funda\u021bia Rom\u00e2nia Pro Culture (persoane fizice sau juridice)<\/h4> \n\t\t\t\t\t\t\t<\/div>\n\n\t\t\t\t\t\t\t<div class=\"title-after_title set-cont-mb-s reset-last-child wd-fontsize-xs\">\n\t\t\t\t\t<p><strong>Ce \u00eenseamn\u0103 2%? Sistemul 2%, prev\u0103zut de Legea 571\/2003 privind Codul Fiscal, permite contribuabililor persoane fizice s\u0103 direc\u0163ioneze 2% din impozitul pe venit c\u0103tre o entitate non-profit (ONG). Astfel 2% este un sistem prin care cet\u0103\u0163enii au posibilitatea de a hot\u0103r\u00ee \u00een mod direct ce se \u00eent\u00e2mpl\u0103 cu o parte a impozitului datorat statului. Dac\u0103 nu direc\u0163iona\u0163i ace\u015fti 2% c\u0103tre un ONG, procentul respectiv r\u0103m\u00e2ne \u00een bugetul statului.<\/strong><\/p>\t\t\t\t<\/div>\n\t\t\t\t\t<\/div>\n\t\t\t\t\t\t<\/div>\n\t\t\t\t<\/div>\n\t\t\t\t<div class=\"elementor-element elementor-element-a5bf009 elementor-widget elementor-widget-wd_title\" data-id=\"a5bf009\" data-element_type=\"widget\" data-widget_type=\"wd_title.default\">\n\t\t\t\t<div class=\"elementor-widget-container\">\n\t\t\t\t\t\t\t<div class=\"title-wrapper set-mb-s reset-last-child wd-title-color-default wd-title-style-default wd-title-size-default text-left\">\n\n\t\t\t\n\t\t\t<div class=\"liner-continer\">\n\t\t\t\t<h4 class=\"woodmart-title-container title wd-fontsize-l\">Ce trebuie s\u0103 faci pentru a dona 2%?<\/h4> \n\t\t\t\t\t\t\t<\/div>\n\n\t\t\t\t\t\t\t<div class=\"title-after_title set-cont-mb-s reset-last-child wd-fontsize-xs\">\n\t\t\t\t\t<p>Dac\u0103 sunte\u0163i salariat, angajat pe baza de contract individual de munc\u0103 sau func\u0163ionar public sau dac\u0103 a\u0163i ob\u0163inut venituri asimilate salariilor desc\u0103rca\u0163i\u00a0<strong><em><a href=\"https:\/\/www.proculture.ro\/pro\/\/wp-content\/uploads\/2023\/01\/230_PROCULTURE.pdf\" target=\"_blank\" rel=\"noreferrer noopener\">Formularul 230<\/a><\/em><\/strong>\u00a0cererea privind destina\u0163ia sumei reprezent\u00e2nd p\u00e2n\u0103 la 2% din impozitul anual, apoi tip\u0103ri\u0163i, completa\u0163i \u015fi semna\u0163i formularul.<\/p><p>Dac\u0103 a\u0163i realizat \u00een anul anterior completarii formularului venituri din alte surse (PFA sistem real, PFA norme de venit, profesii liberale \u2013 medic, avocat, notar, expert contabil, arhitect, chirii, c\u00e2\u015ftiguri din investi\u0163ii, drepturi de autor, activit\u0103\u0163i agricole, etc.), desc\u0103rca\u0163i\u00a0<strong><em><a href=\"\/wp-content\/uploads\/2023\/01\/D200_OPANAF_3695_2016.pdf\" target=\"_blank\" rel=\"noreferrer noopener\">Formularul<\/a><a href=\"https:\/\/www.alege-viata.ro\/200.pdf\">\u00a0200<\/a><\/em><\/strong>\u00a0declara\u0163ie privind veniturile realizate.<\/p><p>Formularele desc\u0103rcate de la noi de pe pagina de internet sunt precompletate cu datele care indic\u0103 direc\u0163ionarea c\u0103tre Funda\u021bia Rom\u00e2nia Pro Culture. De asemenea pute\u0163i ob\u0163ine formularele gratuit de la sediile Administra\u0163iei Financiare urm\u00e2nd apoi s\u0103 le completa\u0163i cu datele asocia\u0163iei noastre:<\/p>\t\t\t\t<\/div>\n\t\t\t\t\t<\/div>\n\t\t\t\t\t\t<\/div>\n\t\t\t\t<\/div>\n\t\t\t\t<div class=\"elementor-element elementor-element-4cd880b elementor-widget elementor-widget-wd_text_block\" data-id=\"4cd880b\" data-element_type=\"widget\" data-widget_type=\"wd_text_block.default\">\n\t\t\t\t<div class=\"elementor-widget-container\">\n\t\t\t\t\t\t\t<div class=\"wd-text-block reset-last-child text-left\">\n\t\t\t\n\t\t\t<p>Nume: Funda\u021bia Rom\u00e2nia Pro Culture<br \/>CUI: 14791983<br \/>Cont: RO58 INGB 0001 0081 7095 8910<\/p>\n\t\t\t\t\t<\/div>\n\t\t\t\t\t\t<\/div>\n\t\t\t\t<\/div>\n\t\t\t\t<div class=\"elementor-element elementor-element-bfbc99b elementor-widget elementor-widget-wd_text_block\" data-id=\"bfbc99b\" data-element_type=\"widget\" data-widget_type=\"wd_text_block.default\">\n\t\t\t\t<div class=\"elementor-widget-container\">\n\t\t\t\t\t\t\t<div class=\"wd-text-block reset-last-child text-left\">\n\t\t\t\n\t\t\t<p>Nu este necesar s\u0103 indica\u0163i suma direc\u0163ionat\u0103, aceast\u0103 sum\u0103 va fi calculat\u0103 automat de c\u0103tre organul fiscal.<br \/>V\u0103 rug\u0103m s\u0103 trimite\u0163i formularele completate \u015fi semnate la administra\u0163ia financiar\u0103 de care apar\u0163ine\u0163i p\u00e2n\u0103 la data de 15 mai.<br \/>Formularele pot fi trimise prin po\u015ft\u0103, cu scrisoare recomandat\u0103, sau pot fi depuse personal la registratura administra\u0163iei financiare.<\/p><p><strong>V\u0103 mul\u0163umim!<\/strong><\/p>\n\t\t\t\t\t<\/div>\n\t\t\t\t\t\t<\/div>\n\t\t\t\t<\/div>\n\t\t\t\t\t<\/div>\n\t\t<\/div>\n\t\t\t\t<div class=\"elementor-column elementor-col-50 elementor-top-column elementor-element elementor-element-f791f2a\" data-id=\"f791f2a\" data-element_type=\"column\">\n\t\t\t<div class=\"elementor-widget-wrap elementor-element-populated\">\n\t\t\t\t\t\t<div class=\"elementor-element elementor-element-b175ac2 elementor-nav-menu--dropdown-none elementor-widget elementor-widget-nav-menu\" data-id=\"b175ac2\" data-element_type=\"widget\" data-settings=\"{&quot;layout&quot;:&quot;vertical&quot;,&quot;submenu_icon&quot;:{&quot;value&quot;:&quot;&lt;i class=\\&quot;fas fa-caret-down\\&quot;&gt;&lt;\\\/i&gt;&quot;,&quot;library&quot;:&quot;fa-solid&quot;}}\" data-widget_type=\"nav-menu.default\">\n\t\t\t\t<div class=\"elementor-widget-container\">\n\t\t\t\t\t\t\t\t<nav migration_allowed=\"1\" migrated=\"0\" class=\"elementor-nav-menu--main elementor-nav-menu__container elementor-nav-menu--layout-vertical e--pointer-background e--animation-fade\">\n\t\t\t\t<ul id=\"menu-1-b175ac2\" class=\"elementor-nav-menu sm-vertical\"><li class=\"menu-item menu-item-type-post_type menu-item-object-page menu-item-home menu-item-1461\"><a href=\"https:\/\/www.proculture.ro\/pro\/\" class=\"elementor-item\">Acas\u0103<\/a><\/li>\n<li class=\"menu-item menu-item-type-post_type menu-item-object-page menu-item-1462\"><a href=\"https:\/\/www.proculture.ro\/pro\/despre-noi\/\" class=\"elementor-item\">Despre noi<\/a><\/li>\n<li class=\"menu-item menu-item-type-post_type menu-item-object-page menu-item-1472\"><a href=\"https:\/\/www.proculture.ro\/pro\/viziune\/\" class=\"elementor-item\">Viziune<\/a><\/li>\n<li class=\"menu-item menu-item-type-post_type menu-item-object-page menu-item-1470\"><a href=\"https:\/\/www.proculture.ro\/pro\/liderii-de-maine\/\" class=\"elementor-item\">Liderii de m\u00e2ine<\/a><\/li>\n<li class=\"menu-item menu-item-type-post_type menu-item-object-page menu-item-1469\"><a href=\"https:\/\/www.proculture.ro\/pro\/lead-impact\/\" class=\"elementor-item\">Leader Impact<\/a><\/li>\n<li class=\"menu-item menu-item-type-post_type menu-item-object-page menu-item-1467\"><a href=\"https:\/\/www.proculture.ro\/pro\/familylife\/\" class=\"elementor-item\">FamilyLife<\/a><\/li>\n<li class=\"menu-item menu-item-type-post_type menu-item-object-page menu-item-has-children menu-item-1463\"><a href=\"https:\/\/www.proculture.ro\/pro\/directioneaza\/\" class=\"elementor-item\">Direc\u021bioneaz\u0103<\/a>\n<ul class=\"sub-menu elementor-nav-menu--dropdown\">\n\t<li class=\"menu-item menu-item-type-post_type menu-item-object-page menu-item-887\"><a href=\"https:\/\/www.proculture.ro\/pro\/directioneaza-20-din-impozitul-pe-venit\/\" class=\"elementor-sub-item\">Direc\u021bioneaz\u0103 20% din Impozitul pe Venit<\/a><\/li>\n\t<li class=\"menu-item menu-item-type-post_type menu-item-object-page menu-item-886\"><a href=\"https:\/\/www.proculture.ro\/pro\/directioneaza-20-din-impozitul-pe-profit\/\" class=\"elementor-sub-item\">Direc\u021bioneaz\u0103 20% din Impozitul pe Profit<\/a><\/li>\n\t<li class=\"menu-item menu-item-type-post_type menu-item-object-page menu-item-885\"><a href=\"https:\/\/www.proculture.ro\/pro\/directioneaza-2-din-impozit\/\" class=\"elementor-sub-item\">Direc\u021bioneaz\u0103 2% din Impozit<\/a><\/li>\n<\/ul>\n<\/li>\n<li class=\"menu-item menu-item-type-post_type menu-item-object-page menu-item-1468\"><a href=\"https:\/\/www.proculture.ro\/pro\/inchiriere-sali\/\" class=\"elementor-item\">\u00cenchiriere s\u0103li<\/a><\/li>\n<li class=\"menu-item menu-item-type-custom menu-item-object-custom menu-item-1479\"><a href=\"https:\/\/www.proculture.ro\/contact\" class=\"elementor-item\">Contact<\/a><\/li>\n<\/ul>\t\t\t<\/nav>\n\t\t\t\t\t\t<nav class=\"elementor-nav-menu--dropdown elementor-nav-menu__container\" aria-hidden=\"true\">\n\t\t\t\t<ul id=\"menu-2-b175ac2\" class=\"elementor-nav-menu sm-vertical\"><li class=\"menu-item menu-item-type-post_type menu-item-object-page menu-item-home menu-item-1461\"><a href=\"https:\/\/www.proculture.ro\/pro\/\" class=\"elementor-item\" tabindex=\"-1\">Acas\u0103<\/a><\/li>\n<li class=\"menu-item menu-item-type-post_type menu-item-object-page menu-item-1462\"><a href=\"https:\/\/www.proculture.ro\/pro\/despre-noi\/\" class=\"elementor-item\" tabindex=\"-1\">Despre noi<\/a><\/li>\n<li class=\"menu-item menu-item-type-post_type menu-item-object-page menu-item-1472\"><a href=\"https:\/\/www.proculture.ro\/pro\/viziune\/\" class=\"elementor-item\" tabindex=\"-1\">Viziune<\/a><\/li>\n<li class=\"menu-item menu-item-type-post_type menu-item-object-page menu-item-1470\"><a href=\"https:\/\/www.proculture.ro\/pro\/liderii-de-maine\/\" class=\"elementor-item\" tabindex=\"-1\">Liderii de m\u00e2ine<\/a><\/li>\n<li class=\"menu-item menu-item-type-post_type menu-item-object-page menu-item-1469\"><a href=\"https:\/\/www.proculture.ro\/pro\/lead-impact\/\" class=\"elementor-item\" tabindex=\"-1\">Leader Impact<\/a><\/li>\n<li class=\"menu-item menu-item-type-post_type menu-item-object-page menu-item-1467\"><a href=\"https:\/\/www.proculture.ro\/pro\/familylife\/\" class=\"elementor-item\" tabindex=\"-1\">FamilyLife<\/a><\/li>\n<li class=\"menu-item menu-item-type-post_type menu-item-object-page menu-item-has-children menu-item-1463\"><a href=\"https:\/\/www.proculture.ro\/pro\/directioneaza\/\" class=\"elementor-item\" tabindex=\"-1\">Direc\u021bioneaz\u0103<\/a>\n<ul class=\"sub-menu elementor-nav-menu--dropdown\">\n\t<li class=\"menu-item menu-item-type-post_type menu-item-object-page menu-item-887\"><a href=\"https:\/\/www.proculture.ro\/pro\/directioneaza-20-din-impozitul-pe-venit\/\" class=\"elementor-sub-item\" tabindex=\"-1\">Direc\u021bioneaz\u0103 20% din Impozitul pe Venit<\/a><\/li>\n\t<li class=\"menu-item menu-item-type-post_type menu-item-object-page menu-item-886\"><a href=\"https:\/\/www.proculture.ro\/pro\/directioneaza-20-din-impozitul-pe-profit\/\" class=\"elementor-sub-item\" tabindex=\"-1\">Direc\u021bioneaz\u0103 20% din Impozitul pe Profit<\/a><\/li>\n\t<li class=\"menu-item menu-item-type-post_type menu-item-object-page menu-item-885\"><a href=\"https:\/\/www.proculture.ro\/pro\/directioneaza-2-din-impozit\/\" class=\"elementor-sub-item\" tabindex=\"-1\">Direc\u021bioneaz\u0103 2% din Impozit<\/a><\/li>\n<\/ul>\n<\/li>\n<li class=\"menu-item menu-item-type-post_type menu-item-object-page menu-item-1468\"><a href=\"https:\/\/www.proculture.ro\/pro\/inchiriere-sali\/\" class=\"elementor-item\" tabindex=\"-1\">\u00cenchiriere s\u0103li<\/a><\/li>\n<li class=\"menu-item menu-item-type-custom menu-item-object-custom menu-item-1479\"><a href=\"https:\/\/www.proculture.ro\/contact\" class=\"elementor-item\" tabindex=\"-1\">Contact<\/a><\/li>\n<\/ul>\t\t\t<\/nav>\n\t\t\t\t\t\t<\/div>\n\t\t\t\t<\/div>\n\t\t\t\t<div class=\"elementor-element elementor-element-a707c48 elementor-widget elementor-widget-facebook-page\" data-id=\"a707c48\" data-element_type=\"widget\" data-widget_type=\"facebook-page.default\">\n\t\t\t\t<div class=\"elementor-widget-container\">\n\t\t\t\t\t<div class=\"elementor-facebook-widget fb-page\" data-href=\"https:\/\/www.facebook.com\/156385747754021\" data-tabs=\"timeline\" data-height=\"500px\" data-width=\"500px\" data-small-header=\"true\" data-hide-cover=\"false\" data-show-facepile=\"true\" data-hide-cta=\"false\" style=\"min-height: 1px;height:500px\"><\/div>\t\t\t\t<\/div>\n\t\t\t\t<\/div>\n\t\t\t\t\t<\/div>\n\t\t<\/div>\n\t\t\t\t\t<\/div>\n\t\t<\/section>\n\t\t\t\t<\/div>\n\t\t","protected":false},"excerpt":{"rendered":"<p>Doneaza 2% din impozit pentru Funda\u021bia Rom\u00e2nia Pro Culture (persoane fizice sau juridice) Ce \u00eenseamn\u0103 2%? Sistemul 2%, prev\u0103zut de<\/p>\n","protected":false},"author":1,"featured_media":0,"parent":0,"menu_order":0,"comment_status":"closed","ping_status":"closed","template":"","meta":{"footnotes":""},"class_list":["post-883","page","type-page","status-publish","hentry"],"yoast_head":"<!-- This site is optimized with the Yoast SEO plugin v25.6 - https:\/\/yoast.com\/wordpress\/plugins\/seo\/ -->\n<title>Direc\u021bioneaz\u0103 2% din Impozit - Proculture.ro<\/title>\n<meta name=\"description\" content=\"Direc\u021bioneaz\u0103 2% din Impozit c\u0103tre Funda\u021bia Rom\u00e2nia Pro-Culture.\" \/>\n<meta name=\"robots\" content=\"noindex, follow, max-snippet:-1, max-image-preview:large, max-video-preview:-1\" \/>\n<meta property=\"og:locale\" content=\"ro_RO\" \/>\n<meta property=\"og:type\" content=\"article\" \/>\n<meta property=\"og:title\" content=\"Direc\u021bioneaz\u0103 2% din Impozit - Proculture.ro\" \/>\n<meta property=\"og:description\" content=\"Direc\u021bioneaz\u0103 2% din Impozit c\u0103tre Funda\u021bia Rom\u00e2nia Pro-Culture.\" \/>\n<meta property=\"og:url\" content=\"https:\/\/www.proculture.ro\/pro\/directioneaza-2-din-impozit\/\" \/>\n<meta property=\"og:site_name\" content=\"Proculture.ro\" \/>\n<meta property=\"article:modified_time\" content=\"2023-01-24T19:30:44+00:00\" \/>\n<meta name=\"twitter:card\" content=\"summary_large_image\" \/>\n<meta name=\"twitter:label1\" content=\"Timp estimat pentru citire\" \/>\n\t<meta name=\"twitter:data1\" content=\"2 minute\" \/>\n<script type=\"application\/ld+json\" class=\"yoast-schema-graph\">{\"@context\":\"https:\/\/schema.org\",\"@graph\":[{\"@type\":\"WebPage\",\"@id\":\"https:\/\/www.proculture.ro\/pro\/directioneaza-2-din-impozit\/\",\"url\":\"https:\/\/www.proculture.ro\/pro\/directioneaza-2-din-impozit\/\",\"name\":\"Direc\u021bioneaz\u0103 2% din Impozit - Proculture.ro\",\"isPartOf\":{\"@id\":\"https:\/\/www.proculture.ro\/pro\/#website\"},\"datePublished\":\"2023-01-23T18:12:38+00:00\",\"dateModified\":\"2023-01-24T19:30:44+00:00\",\"description\":\"Direc\u021bioneaz\u0103 2% din Impozit c\u0103tre Funda\u021bia Rom\u00e2nia Pro-Culture.\",\"breadcrumb\":{\"@id\":\"https:\/\/www.proculture.ro\/pro\/directioneaza-2-din-impozit\/#breadcrumb\"},\"inLanguage\":\"ro-RO\",\"potentialAction\":[{\"@type\":\"ReadAction\",\"target\":[\"https:\/\/www.proculture.ro\/pro\/directioneaza-2-din-impozit\/\"]}]},{\"@type\":\"BreadcrumbList\",\"@id\":\"https:\/\/www.proculture.ro\/pro\/directioneaza-2-din-impozit\/#breadcrumb\",\"itemListElement\":[{\"@type\":\"ListItem\",\"position\":1,\"name\":\"Prima pagin\u0103\",\"item\":\"https:\/\/www.proculture.ro\/pro\/\"},{\"@type\":\"ListItem\",\"position\":2,\"name\":\"Direc\u021bioneaz\u0103 2% din Impozit\"}]},{\"@type\":\"WebSite\",\"@id\":\"https:\/\/www.proculture.ro\/pro\/#website\",\"url\":\"https:\/\/www.proculture.ro\/pro\/\",\"name\":\"Proculture.ro\",\"description\":\"Educa\u021bie, Dezvoltare \u0219i Impact Social\",\"potentialAction\":[{\"@type\":\"SearchAction\",\"target\":{\"@type\":\"EntryPoint\",\"urlTemplate\":\"https:\/\/www.proculture.ro\/pro\/?s={search_term_string}\"},\"query-input\":{\"@type\":\"PropertyValueSpecification\",\"valueRequired\":true,\"valueName\":\"search_term_string\"}}],\"inLanguage\":\"ro-RO\"}]}<\/script>\n<!-- \/ Yoast SEO plugin. -->","yoast_head_json":{"title":"Direc\u021bioneaz\u0103 2% din Impozit - Proculture.ro","description":"Direc\u021bioneaz\u0103 2% din Impozit c\u0103tre Funda\u021bia Rom\u00e2nia Pro-Culture.","robots":{"index":"noindex","follow":"follow","max-snippet":"max-snippet:-1","max-image-preview":"max-image-preview:large","max-video-preview":"max-video-preview:-1"},"og_locale":"ro_RO","og_type":"article","og_title":"Direc\u021bioneaz\u0103 2% din Impozit - Proculture.ro","og_description":"Direc\u021bioneaz\u0103 2% din Impozit c\u0103tre Funda\u021bia Rom\u00e2nia Pro-Culture.","og_url":"https:\/\/www.proculture.ro\/pro\/directioneaza-2-din-impozit\/","og_site_name":"Proculture.ro","article_modified_time":"2023-01-24T19:30:44+00:00","twitter_card":"summary_large_image","twitter_misc":{"Timp estimat pentru citire":"2 minute"},"schema":{"@context":"https:\/\/schema.org","@graph":[{"@type":"WebPage","@id":"https:\/\/www.proculture.ro\/pro\/directioneaza-2-din-impozit\/","url":"https:\/\/www.proculture.ro\/pro\/directioneaza-2-din-impozit\/","name":"Direc\u021bioneaz\u0103 2% din Impozit - Proculture.ro","isPartOf":{"@id":"https:\/\/www.proculture.ro\/pro\/#website"},"datePublished":"2023-01-23T18:12:38+00:00","dateModified":"2023-01-24T19:30:44+00:00","description":"Direc\u021bioneaz\u0103 2% din Impozit c\u0103tre Funda\u021bia Rom\u00e2nia Pro-Culture.","breadcrumb":{"@id":"https:\/\/www.proculture.ro\/pro\/directioneaza-2-din-impozit\/#breadcrumb"},"inLanguage":"ro-RO","potentialAction":[{"@type":"ReadAction","target":["https:\/\/www.proculture.ro\/pro\/directioneaza-2-din-impozit\/"]}]},{"@type":"BreadcrumbList","@id":"https:\/\/www.proculture.ro\/pro\/directioneaza-2-din-impozit\/#breadcrumb","itemListElement":[{"@type":"ListItem","position":1,"name":"Prima pagin\u0103","item":"https:\/\/www.proculture.ro\/pro\/"},{"@type":"ListItem","position":2,"name":"Direc\u021bioneaz\u0103 2% din Impozit"}]},{"@type":"WebSite","@id":"https:\/\/www.proculture.ro\/pro\/#website","url":"https:\/\/www.proculture.ro\/pro\/","name":"Proculture.ro","description":"Educa\u021bie, Dezvoltare \u0219i Impact Social","potentialAction":[{"@type":"SearchAction","target":{"@type":"EntryPoint","urlTemplate":"https:\/\/www.proculture.ro\/pro\/?s={search_term_string}"},"query-input":{"@type":"PropertyValueSpecification","valueRequired":true,"valueName":"search_term_string"}}],"inLanguage":"ro-RO"}]}},"_links":{"self":[{"href":"https:\/\/www.proculture.ro\/pro\/wp-json\/wp\/v2\/pages\/883","targetHints":{"allow":["GET"]}}],"collection":[{"href":"https:\/\/www.proculture.ro\/pro\/wp-json\/wp\/v2\/pages"}],"about":[{"href":"https:\/\/www.proculture.ro\/pro\/wp-json\/wp\/v2\/types\/page"}],"author":[{"embeddable":true,"href":"https:\/\/www.proculture.ro\/pro\/wp-json\/wp\/v2\/users\/1"}],"replies":[{"embeddable":true,"href":"https:\/\/www.proculture.ro\/pro\/wp-json\/wp\/v2\/comments?post=883"}],"version-history":[{"count":16,"href":"https:\/\/www.proculture.ro\/pro\/wp-json\/wp\/v2\/pages\/883\/revisions"}],"predecessor-version":[{"id":996,"href":"https:\/\/www.proculture.ro\/pro\/wp-json\/wp\/v2\/pages\/883\/revisions\/996"}],"wp:attachment":[{"href":"https:\/\/www.proculture.ro\/pro\/wp-json\/wp\/v2\/media?parent=883"}],"curies":[{"name":"wp","href":"https:\/\/api.w.org\/{rel}","templated":true}]}}