{"id":881,"date":"2023-01-23T20:11:06","date_gmt":"2023-01-23T18:11:06","guid":{"rendered":"https:\/\/www.pro.testebossnet1.ro\/?page_id=881"},"modified":"2023-01-24T21:30:40","modified_gmt":"2023-01-24T19:30:40","slug":"directioneaza-20-din-impozitul-pe-profit","status":"publish","type":"page","link":"https:\/\/www.proculture.ro\/pro\/directioneaza-20-din-impozitul-pe-profit\/","title":{"rendered":"Direc\u021bioneaz\u0103 20% din Impozitul pe Profit"},"content":{"rendered":"\t\t<div data-elementor-type=\"wp-page\" data-elementor-id=\"881\" class=\"elementor elementor-881\">\n\t\t\t\t\t\t<section class=\"elementor-section elementor-top-section elementor-element elementor-element-111a62f elementor-section-boxed elementor-section-height-default elementor-section-height-default wd-section-disabled\" data-id=\"111a62f\" data-element_type=\"section\">\n\t\t\t\t\t\t<div class=\"elementor-container elementor-column-gap-default\">\n\t\t\t\t\t<div class=\"elementor-column elementor-col-50 elementor-top-column elementor-element elementor-element-3b0bee8\" data-id=\"3b0bee8\" data-element_type=\"column\">\n\t\t\t<div class=\"elementor-widget-wrap elementor-element-populated\">\n\t\t\t\t\t\t<div class=\"elementor-element elementor-element-1f6cde6 elementor-widget elementor-widget-wd_text_block\" data-id=\"1f6cde6\" data-element_type=\"widget\" data-widget_type=\"wd_text_block.default\">\n\t\t\t\t<div class=\"elementor-widget-container\">\n\t\t\t\t\t\t\t<div class=\"wd-text-block reset-last-child text-left\">\n\t\t\t\n\t\t\t<p class=\"has-normal-font-size\">\u00cencep\u00e2nd cu\u00a0<strong>01\u00a0APRILIE 2019<\/strong>,\u00a0\u00a0(conform Legii nr. 30\/2019),\u00a0micro\u00eentreprinderile\u00a0pot deduce\u00a0sponsoriz\u0103rile f\u0103cute c\u0103tre ONG-urile INREGISTRATE \u00a0IN \u00a0<em>Registrul entit\u0103\u0163ilor\/unit\u0103\u0163ilor de cult<\/em>. FUNDATIA ROMANIA PRO CULTURE ESTE\u00a0 inregistrata din data de 22.04.2019\u00a0 asa cum se vede in documentul atasat. Fundatia Romania Pro Culture este fundatie acreditata.\u00a0\u00a0<\/p><p class=\"has-normal-font-size\"><strong>Pentru verificare \u00eenregistrare<\/strong>\u00a0in\u00a0<em>Registrul entit\u0103\u0163ilor\/unit\u0103\u0163ilor de cult ,<\/em>\u00a0puteti rezolva repede c\u0103ut\u00e2nd pe google \u00a0search\u00a0\u201cverificare \u00eenregistrare \u00een registrul entit\u0103\u021bilor\u2026\u201d\u00a0\u0219i se ve-\u021bi g\u0103si site-ul:\u00a0<\/p>\n\t\t\t\t\t<\/div>\n\t\t\t\t\t\t<\/div>\n\t\t\t\t<\/div>\n\t\t\t\t<div class=\"elementor-element elementor-element-88c4db5 elementor-widget elementor-widget-wd_text_block\" data-id=\"88c4db5\" data-element_type=\"widget\" data-widget_type=\"wd_text_block.default\">\n\t\t\t\t<div class=\"elementor-widget-container\">\n\t\t\t\t\t\t\t<div class=\"wd-text-block reset-last-child text-left\">\n\t\t\t\n\t\t\t<p><a href=\"https:\/\/www.anaf.ro\/RegistrulEntitatilorUnitatilorCult\/\" target=\"_blank\" rel=\"noopener\">https:\/\/www.anaf.ro\/RegistrulEntitatilorUnitatilorCult\/<\/a><\/p><p>Se poate verifica introduc\u00e2nd codul fiscal al Fundatia Romania Pro Culture - <strong>14791983<\/strong>.<\/p>\n\t\t\t\t\t<\/div>\n\t\t\t\t\t\t<\/div>\n\t\t\t\t<\/div>\n\t\t\t\t<div class=\"elementor-element elementor-element-bb5f5a5 elementor-widget elementor-widget-wd_text_block\" data-id=\"bb5f5a5\" data-element_type=\"widget\" data-widget_type=\"wd_text_block.default\">\n\t\t\t\t<div class=\"elementor-widget-container\">\n\t\t\t\t\t\t\t<div class=\"wd-text-block reset-last-child text-left\">\n\t\t\t\n\t\t\t<p class=\"has-normal-font-size\"><strong>Procedura este simpl\u0103:<\/strong><\/p><p class=\"has-normal-font-size\">Firma care\u00a0efectueaz\u0103 o sponsorizare c\u0103tre FUNDATIA ROMANIA PRO CULTURE\/ poate\u00a0deduce\u00a0valoarea sponsoriz\u0103rii,\u00a0<strong>p\u00e2n\u0103 la nivelul de\u00a020%\u00a0din impozitul pe profit<\/strong>\u00a0datorat pentru trimestrul \u00een care a \u00eenregistrat cheltuielile.\u00a0<\/p><p class=\"has-normal-font-size\">Sprijinul poate fi trimestrial. Deducerea se face prin completarea\u00a0<a href=\"https:\/\/static.anaf.ro\/static\/10\/Anaf\/formulare\/Dec_107_2018.pdf\" target=\"_blank\" rel=\"noreferrer noopener\" aria-label=\" (se deschide \u00eentr-o fil\u0103 nou\u0103)\">Declara\u021biei nr. 100<\/a>\u00a0\u0219i depunerea acesteia p\u00e2n\u0103 la data de 25 inclusiv a lunii urm\u0103toare ultimului trimestru pentru care datoreaz\u0103 impozit pe profit. \u00a0(ex. trim 2 (aprilie, mai, iunie) \u2013 declaratia trebuie depusa, pana la\u00a0<strong>25 iulie<\/strong>.)<\/p>\n\t\t\t\t\t<\/div>\n\t\t\t\t\t\t<\/div>\n\t\t\t\t<\/div>\n\t\t\t\t<div class=\"elementor-element elementor-element-1acae65 color-scheme-inherit text-left elementor-widget elementor-widget-text-editor\" data-id=\"1acae65\" data-element_type=\"widget\" data-widget_type=\"text-editor.default\">\n\t\t\t\t<div class=\"elementor-widget-container\">\n\t\t\t\t\t\t\t\t\t<p><strong>Exemplu de calcul al sumei deductibile:<\/strong><\/p><p>Pentru 20% din impozitul pe profit trimestrial<\/p>\t\t\t\t\t\t\t\t<\/div>\n\t\t\t\t<\/div>\n\t\t\t\t<div class=\"elementor-element elementor-element-5090ebe elementor-widget elementor-widget-price-list\" data-id=\"5090ebe\" data-element_type=\"widget\" data-widget_type=\"price-list.default\">\n\t\t\t\t<div class=\"elementor-widget-container\">\n\t\t\t\t\t\n\t\t<ul class=\"elementor-price-list\">\n\n\t\t\t\t\t\t\t\t\t<li class=\"elementor-price-list-item\">\t\t\t\t\n\t\t\t\t<div class=\"elementor-price-list-text\">\n\t\t\t\t\t\t\t\t\t<div class=\"elementor-price-list-header\">\n\t\t\t\t\t\t\t\t\t\t\t<span class=\"elementor-price-list-title\">\n\t\t\t\t\t\t\tProfitul semestrial\t\t\t\t\t\t<\/span>\n\t\t\t\t\t\t\t\t\t\t\t\t\t\t\t\t\t\t<span class=\"elementor-price-list-separator\"><\/span>\n\t\t\t\t\t\t\t\t\t\t\t\t\t\t\t\t\t\t\t<span class=\"elementor-price-list-price\"> 100.000 lei<\/span>\n\t\t\t\t\t\t\t\t\t\t<\/div>\n\t\t\t\t\t\t\t\t\t\t\t\t<\/div>\n\t\t\t\t<\/li>\t\t\t\t\t\t\t\t\t\t\t\t<li class=\"elementor-price-list-item\">\t\t\t\t\n\t\t\t\t<div class=\"elementor-price-list-text\">\n\t\t\t\t\t\t\t\t\t<div class=\"elementor-price-list-header\">\n\t\t\t\t\t\t\t\t\t\t\t<span class=\"elementor-price-list-title\">\n\t\t\t\t\t\t\tImpozit pe profit  (16%) \t\t\t\t\t\t<\/span>\n\t\t\t\t\t\t\t\t\t\t\t\t\t\t\t\t\t\t<span class=\"elementor-price-list-separator\"><\/span>\n\t\t\t\t\t\t\t\t\t\t\t\t\t\t\t\t\t\t\t<span class=\"elementor-price-list-price\">16.000 lei<\/span>\n\t\t\t\t\t\t\t\t\t\t<\/div>\n\t\t\t\t\t\t\t\t\t\t\t\t<\/div>\n\t\t\t\t<\/li>\t\t\t\t\t\t\t\t\t\t\t\t<li class=\"elementor-price-list-item\">\t\t\t\t\n\t\t\t\t<div class=\"elementor-price-list-text\">\n\t\t\t\t\t\t\t\t\t<div class=\"elementor-price-list-header\">\n\t\t\t\t\t\t\t\t\t\t\t<span class=\"elementor-price-list-title\">\n\t\t\t\t\t\t\t20% din impozitul pe profit (valoarea sponsoriz\u0103rii deductibile)\t\t\t\t\t\t<\/span>\n\t\t\t\t\t\t\t\t\t\t\t\t\t\t\t\t\t\t<span class=\"elementor-price-list-separator\"><\/span>\n\t\t\t\t\t\t\t\t\t\t\t\t\t\t\t\t\t\t\t<span class=\"elementor-price-list-price\">3.200 lei<\/span>\n\t\t\t\t\t\t\t\t\t\t<\/div>\n\t\t\t\t\t\t\t\t\t\t\t\t<\/div>\n\t\t\t\t<\/li>\t\t\t\t\t\n\t\t<\/ul>\n\n\t\t\t\t\t\t<\/div>\n\t\t\t\t<\/div>\n\t\t\t\t<div class=\"elementor-element elementor-element-49ae2e0 elementor-widget elementor-widget-wd_text_block\" data-id=\"49ae2e0\" data-element_type=\"widget\" data-widget_type=\"wd_text_block.default\">\n\t\t\t\t<div class=\"elementor-widget-container\">\n\t\t\t\t\t\t\t<div class=\"wd-text-block reset-last-child text-left\">\n\t\t\t\n\t\t\t<p class=\"has-normal-font-size\">Sumele care nu sunt sc\u0103zute din impozitul pe profit, potrivit prevederilor din lege,\u00a0<strong>se reporteaz\u0103 \u00een urm\u0103torii 7 ani consecutivi<\/strong>. Recuperarea acestor sume se va efectua \u00een ordinea \u00eenregistr\u0103rii acestora, \u00een acelea\u0219i condi\u021bii, la fiecare termen de plat\u0103 a impozitului pe profit<\/p><p class=\"has-normal-font-size\">Pute\u021bi s\u0103 dirija\u021bi \u00a0<strong>20% din impozitul pe profit<\/strong>\u00a0semestrial printr-un contract de sponsorizare, pentru Funda\u021bia Rom\u00e2nia Pro Culture. Pentru informa\u021bii, detalii, \u0219i trimiterea contractului de dona\u021bii, pentru \u00eenregistrare scrie\u021bi la adresa:\u00a0<a href=\"mailto:office.proculture@gmail.com\" target=\"_blank\" rel=\"noreferrer noopener\" data-type=\"mailto\" data-id=\"mailto:office.proculture@gmail.com\">office.proculture@gmail.com,<\/a>\u00a0sau suna\u021bi la 0740.173.568 (Emilia \u021aoncu \u2013 contabil)<\/p><p class=\"has-normal-font-size\">Pute\u021bi s\u0103 desc\u0103rca\u021bi\u00a0<strong>contractul de sponsorizare<\/strong>\u00a0de mai jos:<\/p>\n\t\t\t\t\t<\/div>\n\t\t\t\t\t\t<\/div>\n\t\t\t\t<\/div>\n\t\t\t\t<div class=\"elementor-element elementor-element-ec8330e elementor-icon-list--layout-traditional elementor-list-item-link-full_width elementor-widget elementor-widget-icon-list\" data-id=\"ec8330e\" data-element_type=\"widget\" data-widget_type=\"icon-list.default\">\n\t\t\t\t<div class=\"elementor-widget-container\">\n\t\t\t\t\t\t\t<ul class=\"elementor-icon-list-items\">\n\t\t\t\t\t\t\t<li class=\"elementor-icon-list-item\">\n\t\t\t\t\t\t\t\t\t\t\t<a href=\"\/wp-content\/uploads\/2023\/01\/sponsorizare-bani-pro-1.docx\">\n\n\t\t\t\t\t\t\t\t\t\t\t\t<span class=\"elementor-icon-list-icon\">\n\t\t\t\t\t\t\t<i aria-hidden=\"true\" class=\"icon icon-file-word\"><\/i>\t\t\t\t\t\t<\/span>\n\t\t\t\t\t\t\t\t\t\t<span class=\"elementor-icon-list-text\">Contract de sponsorizari \u00een bani<\/span>\n\t\t\t\t\t\t\t\t\t\t\t<\/a>\n\t\t\t\t\t\t\t\t\t<\/li>\n\t\t\t\t\t\t\t\t<li class=\"elementor-icon-list-item\">\n\t\t\t\t\t\t\t\t\t\t\t<a href=\"\/wp-content\/uploads\/2023\/01\/sponsorizare-produse-pro.docx\">\n\n\t\t\t\t\t\t\t\t\t\t\t\t<span class=\"elementor-icon-list-icon\">\n\t\t\t\t\t\t\t<i aria-hidden=\"true\" class=\"icon icon-file-word\"><\/i>\t\t\t\t\t\t<\/span>\n\t\t\t\t\t\t\t\t\t\t<span class=\"elementor-icon-list-text\">Contract de sponsorizare  \u00een produse \u0219i servicii <\/span>\n\t\t\t\t\t\t\t\t\t\t\t<\/a>\n\t\t\t\t\t\t\t\t\t<\/li>\n\t\t\t\t\t\t\t\t<li class=\"elementor-icon-list-item\">\n\t\t\t\t\t\t\t\t\t\t\t<a href=\"#elementor-action%3Aaction%3Dlightbox%26settings%3DeyJ1cmwiOiJodHRwczpcL1wvd3d3LnByby50ZXN0ZWJvc3NuZXQxLnJvXC93cC1jb250ZW50XC91cGxvYWRzXC8yMDIzXC8wMVwvZGVjaXppZS1pbnJlZ2lzdHJhcmUtY3VsdC1lMTU1ODc4OTcxNTgxMi1zY2FsZWQuanBnIiwidHlwZSI6ImltYWdlIiwidGl0bGUiOiJkZWNpemllLWlucmVnaXN0cmFyZS1jdWx0LWUxNTU4Nzg5NzE1ODEyIn0%3D\">\n\n\t\t\t\t\t\t\t\t\t\t\t\t<span class=\"elementor-icon-list-icon\">\n\t\t\t\t\t\t\t<i aria-hidden=\"true\" class=\"icon icon-file-image\"><\/i>\t\t\t\t\t\t<\/span>\n\t\t\t\t\t\t\t\t\t\t<span class=\"elementor-icon-list-text\">Decizia de \u00eenregistrare \u00een registrul entit\u0103\u021bilor\/unit\u0103\u021bilor de cult.<\/span>\n\t\t\t\t\t\t\t\t\t\t\t<\/a>\n\t\t\t\t\t\t\t\t\t<\/li>\n\t\t\t\t\t\t<\/ul>\n\t\t\t\t\t\t<\/div>\n\t\t\t\t<\/div>\n\t\t\t\t\t<\/div>\n\t\t<\/div>\n\t\t\t\t<div class=\"elementor-column elementor-col-50 elementor-top-column elementor-element elementor-element-ca8fd20\" data-id=\"ca8fd20\" data-element_type=\"column\">\n\t\t\t<div class=\"elementor-widget-wrap elementor-element-populated\">\n\t\t\t\t\t\t<div class=\"elementor-element elementor-element-592e357 elementor-nav-menu--dropdown-none elementor-widget elementor-widget-nav-menu\" data-id=\"592e357\" data-element_type=\"widget\" data-settings=\"{&quot;layout&quot;:&quot;vertical&quot;,&quot;submenu_icon&quot;:{&quot;value&quot;:&quot;&lt;i class=\\&quot;fas fa-caret-down\\&quot;&gt;&lt;\\\/i&gt;&quot;,&quot;library&quot;:&quot;fa-solid&quot;}}\" data-widget_type=\"nav-menu.default\">\n\t\t\t\t<div class=\"elementor-widget-container\">\n\t\t\t\t\t\t\t\t<nav migration_allowed=\"1\" migrated=\"0\" class=\"elementor-nav-menu--main elementor-nav-menu__container elementor-nav-menu--layout-vertical e--pointer-background e--animation-fade\">\n\t\t\t\t<ul id=\"menu-1-592e357\" class=\"elementor-nav-menu sm-vertical\"><li class=\"menu-item menu-item-type-post_type menu-item-object-page menu-item-home menu-item-1461\"><a href=\"https:\/\/www.proculture.ro\/pro\/\" class=\"elementor-item\">Acas\u0103<\/a><\/li>\n<li class=\"menu-item menu-item-type-post_type menu-item-object-page menu-item-1462\"><a href=\"https:\/\/www.proculture.ro\/pro\/despre-noi\/\" class=\"elementor-item\">Despre noi<\/a><\/li>\n<li class=\"menu-item menu-item-type-post_type menu-item-object-page menu-item-1472\"><a href=\"https:\/\/www.proculture.ro\/pro\/viziune\/\" class=\"elementor-item\">Viziune<\/a><\/li>\n<li class=\"menu-item menu-item-type-post_type menu-item-object-page menu-item-1470\"><a href=\"https:\/\/www.proculture.ro\/pro\/liderii-de-maine\/\" class=\"elementor-item\">Liderii de m\u00e2ine<\/a><\/li>\n<li class=\"menu-item menu-item-type-post_type menu-item-object-page menu-item-1469\"><a href=\"https:\/\/www.proculture.ro\/pro\/lead-impact\/\" class=\"elementor-item\">Leader Impact<\/a><\/li>\n<li class=\"menu-item menu-item-type-post_type menu-item-object-page menu-item-1467\"><a href=\"https:\/\/www.proculture.ro\/pro\/familylife\/\" class=\"elementor-item\">FamilyLife<\/a><\/li>\n<li class=\"menu-item menu-item-type-post_type menu-item-object-page menu-item-has-children menu-item-1463\"><a href=\"https:\/\/www.proculture.ro\/pro\/directioneaza\/\" class=\"elementor-item\">Direc\u021bioneaz\u0103<\/a>\n<ul class=\"sub-menu elementor-nav-menu--dropdown\">\n\t<li class=\"menu-item menu-item-type-post_type menu-item-object-page menu-item-887\"><a href=\"https:\/\/www.proculture.ro\/pro\/directioneaza-20-din-impozitul-pe-venit\/\" class=\"elementor-sub-item\">Direc\u021bioneaz\u0103 20% din Impozitul pe Venit<\/a><\/li>\n\t<li class=\"menu-item menu-item-type-post_type menu-item-object-page menu-item-886\"><a href=\"https:\/\/www.proculture.ro\/pro\/directioneaza-20-din-impozitul-pe-profit\/\" class=\"elementor-sub-item\">Direc\u021bioneaz\u0103 20% din Impozitul pe Profit<\/a><\/li>\n\t<li class=\"menu-item menu-item-type-post_type menu-item-object-page menu-item-885\"><a href=\"https:\/\/www.proculture.ro\/pro\/directioneaza-2-din-impozit\/\" class=\"elementor-sub-item\">Direc\u021bioneaz\u0103 2% din Impozit<\/a><\/li>\n<\/ul>\n<\/li>\n<li class=\"menu-item menu-item-type-post_type menu-item-object-page menu-item-1468\"><a href=\"https:\/\/www.proculture.ro\/pro\/inchiriere-sali\/\" class=\"elementor-item\">\u00cenchiriere s\u0103li<\/a><\/li>\n<li class=\"menu-item menu-item-type-custom menu-item-object-custom menu-item-1479\"><a href=\"https:\/\/www.proculture.ro\/contact\" class=\"elementor-item\">Contact<\/a><\/li>\n<\/ul>\t\t\t<\/nav>\n\t\t\t\t\t\t<nav class=\"elementor-nav-menu--dropdown elementor-nav-menu__container\" aria-hidden=\"true\">\n\t\t\t\t<ul id=\"menu-2-592e357\" class=\"elementor-nav-menu sm-vertical\"><li class=\"menu-item menu-item-type-post_type menu-item-object-page menu-item-home menu-item-1461\"><a href=\"https:\/\/www.proculture.ro\/pro\/\" class=\"elementor-item\" tabindex=\"-1\">Acas\u0103<\/a><\/li>\n<li class=\"menu-item menu-item-type-post_type menu-item-object-page menu-item-1462\"><a href=\"https:\/\/www.proculture.ro\/pro\/despre-noi\/\" class=\"elementor-item\" tabindex=\"-1\">Despre noi<\/a><\/li>\n<li class=\"menu-item menu-item-type-post_type menu-item-object-page menu-item-1472\"><a href=\"https:\/\/www.proculture.ro\/pro\/viziune\/\" class=\"elementor-item\" tabindex=\"-1\">Viziune<\/a><\/li>\n<li class=\"menu-item menu-item-type-post_type menu-item-object-page menu-item-1470\"><a href=\"https:\/\/www.proculture.ro\/pro\/liderii-de-maine\/\" class=\"elementor-item\" tabindex=\"-1\">Liderii de m\u00e2ine<\/a><\/li>\n<li class=\"menu-item menu-item-type-post_type menu-item-object-page menu-item-1469\"><a href=\"https:\/\/www.proculture.ro\/pro\/lead-impact\/\" class=\"elementor-item\" tabindex=\"-1\">Leader Impact<\/a><\/li>\n<li class=\"menu-item menu-item-type-post_type menu-item-object-page menu-item-1467\"><a href=\"https:\/\/www.proculture.ro\/pro\/familylife\/\" class=\"elementor-item\" tabindex=\"-1\">FamilyLife<\/a><\/li>\n<li class=\"menu-item menu-item-type-post_type menu-item-object-page menu-item-has-children menu-item-1463\"><a href=\"https:\/\/www.proculture.ro\/pro\/directioneaza\/\" class=\"elementor-item\" tabindex=\"-1\">Direc\u021bioneaz\u0103<\/a>\n<ul class=\"sub-menu elementor-nav-menu--dropdown\">\n\t<li class=\"menu-item menu-item-type-post_type menu-item-object-page menu-item-887\"><a href=\"https:\/\/www.proculture.ro\/pro\/directioneaza-20-din-impozitul-pe-venit\/\" class=\"elementor-sub-item\" tabindex=\"-1\">Direc\u021bioneaz\u0103 20% din Impozitul pe Venit<\/a><\/li>\n\t<li class=\"menu-item menu-item-type-post_type menu-item-object-page menu-item-886\"><a href=\"https:\/\/www.proculture.ro\/pro\/directioneaza-20-din-impozitul-pe-profit\/\" class=\"elementor-sub-item\" tabindex=\"-1\">Direc\u021bioneaz\u0103 20% din Impozitul pe Profit<\/a><\/li>\n\t<li class=\"menu-item menu-item-type-post_type menu-item-object-page menu-item-885\"><a href=\"https:\/\/www.proculture.ro\/pro\/directioneaza-2-din-impozit\/\" class=\"elementor-sub-item\" tabindex=\"-1\">Direc\u021bioneaz\u0103 2% din Impozit<\/a><\/li>\n<\/ul>\n<\/li>\n<li class=\"menu-item menu-item-type-post_type menu-item-object-page menu-item-1468\"><a href=\"https:\/\/www.proculture.ro\/pro\/inchiriere-sali\/\" class=\"elementor-item\" tabindex=\"-1\">\u00cenchiriere s\u0103li<\/a><\/li>\n<li class=\"menu-item menu-item-type-custom menu-item-object-custom menu-item-1479\"><a href=\"https:\/\/www.proculture.ro\/contact\" class=\"elementor-item\" tabindex=\"-1\">Contact<\/a><\/li>\n<\/ul>\t\t\t<\/nav>\n\t\t\t\t\t\t<\/div>\n\t\t\t\t<\/div>\n\t\t\t\t<div class=\"elementor-element elementor-element-00d452e elementor-widget elementor-widget-facebook-page\" data-id=\"00d452e\" data-element_type=\"widget\" data-widget_type=\"facebook-page.default\">\n\t\t\t\t<div class=\"elementor-widget-container\">\n\t\t\t\t\t<div class=\"elementor-facebook-widget fb-page\" data-href=\"https:\/\/www.facebook.com\/156385747754021\" data-tabs=\"timeline\" data-height=\"500px\" data-width=\"500px\" data-small-header=\"true\" data-hide-cover=\"false\" data-show-facepile=\"true\" data-hide-cta=\"false\" style=\"min-height: 1px;height:500px\"><\/div>\t\t\t\t<\/div>\n\t\t\t\t<\/div>\n\t\t\t\t\t<\/div>\n\t\t<\/div>\n\t\t\t\t\t<\/div>\n\t\t<\/section>\n\t\t\t\t<\/div>\n\t\t","protected":false},"excerpt":{"rendered":"<p>\u00cencep\u00e2nd cu\u00a001\u00a0APRILIE 2019,\u00a0\u00a0(conform Legii nr. 30\/2019),\u00a0micro\u00eentreprinderile\u00a0pot deduce\u00a0sponsoriz\u0103rile f\u0103cute c\u0103tre ONG-urile INREGISTRATE \u00a0IN \u00a0Registrul entit\u0103\u0163ilor\/unit\u0103\u0163ilor de cult. FUNDATIA ROMANIA PRO CULTURE<\/p>\n","protected":false},"author":1,"featured_media":0,"parent":0,"menu_order":0,"comment_status":"closed","ping_status":"closed","template":"","meta":{"footnotes":""},"class_list":["post-881","page","type-page","status-publish","hentry"],"yoast_head":"<!-- This site is optimized with the Yoast SEO plugin v25.6 - https:\/\/yoast.com\/wordpress\/plugins\/seo\/ -->\n<title>Direc\u021bioneaz\u0103 20% din Impozitul pe Profit - Proculture.ro<\/title>\n<meta name=\"description\" content=\"Direc\u021bioneaz\u0103 20% din Impozitul pe Venit c\u0103tre Funda\u021bia Rom\u00e2nia Pro-Culture.\" \/>\n<meta name=\"robots\" content=\"noindex, follow, max-snippet:-1, max-image-preview:large, max-video-preview:-1\" \/>\n<meta property=\"og:locale\" content=\"ro_RO\" \/>\n<meta property=\"og:type\" content=\"article\" \/>\n<meta property=\"og:title\" content=\"Direc\u021bioneaz\u0103 20% din Impozitul pe Profit - Proculture.ro\" \/>\n<meta property=\"og:description\" content=\"Direc\u021bioneaz\u0103 20% din Impozitul pe Venit c\u0103tre Funda\u021bia Rom\u00e2nia Pro-Culture.\" \/>\n<meta property=\"og:url\" content=\"https:\/\/www.proculture.ro\/pro\/directioneaza-20-din-impozitul-pe-profit\/\" \/>\n<meta property=\"og:site_name\" content=\"Proculture.ro\" \/>\n<meta property=\"article:modified_time\" content=\"2023-01-24T19:30:40+00:00\" \/>\n<meta name=\"twitter:card\" content=\"summary_large_image\" \/>\n<meta name=\"twitter:label1\" content=\"Timp estimat pentru citire\" \/>\n\t<meta name=\"twitter:data1\" content=\"2 minute\" \/>\n<script type=\"application\/ld+json\" class=\"yoast-schema-graph\">{\"@context\":\"https:\/\/schema.org\",\"@graph\":[{\"@type\":\"WebPage\",\"@id\":\"https:\/\/www.proculture.ro\/pro\/directioneaza-20-din-impozitul-pe-profit\/\",\"url\":\"https:\/\/www.proculture.ro\/pro\/directioneaza-20-din-impozitul-pe-profit\/\",\"name\":\"Direc\u021bioneaz\u0103 20% din Impozitul pe Profit - Proculture.ro\",\"isPartOf\":{\"@id\":\"https:\/\/www.proculture.ro\/pro\/#website\"},\"datePublished\":\"2023-01-23T18:11:06+00:00\",\"dateModified\":\"2023-01-24T19:30:40+00:00\",\"description\":\"Direc\u021bioneaz\u0103 20% din Impozitul pe Venit c\u0103tre Funda\u021bia Rom\u00e2nia Pro-Culture.\",\"breadcrumb\":{\"@id\":\"https:\/\/www.proculture.ro\/pro\/directioneaza-20-din-impozitul-pe-profit\/#breadcrumb\"},\"inLanguage\":\"ro-RO\",\"potentialAction\":[{\"@type\":\"ReadAction\",\"target\":[\"https:\/\/www.proculture.ro\/pro\/directioneaza-20-din-impozitul-pe-profit\/\"]}]},{\"@type\":\"BreadcrumbList\",\"@id\":\"https:\/\/www.proculture.ro\/pro\/directioneaza-20-din-impozitul-pe-profit\/#breadcrumb\",\"itemListElement\":[{\"@type\":\"ListItem\",\"position\":1,\"name\":\"Prima pagin\u0103\",\"item\":\"https:\/\/www.proculture.ro\/pro\/\"},{\"@type\":\"ListItem\",\"position\":2,\"name\":\"Direc\u021bioneaz\u0103 20% din Impozitul pe Profit\"}]},{\"@type\":\"WebSite\",\"@id\":\"https:\/\/www.proculture.ro\/pro\/#website\",\"url\":\"https:\/\/www.proculture.ro\/pro\/\",\"name\":\"Proculture.ro\",\"description\":\"Educa\u021bie, Dezvoltare \u0219i Impact Social\",\"potentialAction\":[{\"@type\":\"SearchAction\",\"target\":{\"@type\":\"EntryPoint\",\"urlTemplate\":\"https:\/\/www.proculture.ro\/pro\/?s={search_term_string}\"},\"query-input\":{\"@type\":\"PropertyValueSpecification\",\"valueRequired\":true,\"valueName\":\"search_term_string\"}}],\"inLanguage\":\"ro-RO\"}]}<\/script>\n<!-- \/ Yoast SEO plugin. -->","yoast_head_json":{"title":"Direc\u021bioneaz\u0103 20% din Impozitul pe Profit - Proculture.ro","description":"Direc\u021bioneaz\u0103 20% din Impozitul pe Venit c\u0103tre Funda\u021bia Rom\u00e2nia Pro-Culture.","robots":{"index":"noindex","follow":"follow","max-snippet":"max-snippet:-1","max-image-preview":"max-image-preview:large","max-video-preview":"max-video-preview:-1"},"og_locale":"ro_RO","og_type":"article","og_title":"Direc\u021bioneaz\u0103 20% din Impozitul pe Profit - Proculture.ro","og_description":"Direc\u021bioneaz\u0103 20% din Impozitul pe Venit c\u0103tre Funda\u021bia Rom\u00e2nia Pro-Culture.","og_url":"https:\/\/www.proculture.ro\/pro\/directioneaza-20-din-impozitul-pe-profit\/","og_site_name":"Proculture.ro","article_modified_time":"2023-01-24T19:30:40+00:00","twitter_card":"summary_large_image","twitter_misc":{"Timp estimat pentru citire":"2 minute"},"schema":{"@context":"https:\/\/schema.org","@graph":[{"@type":"WebPage","@id":"https:\/\/www.proculture.ro\/pro\/directioneaza-20-din-impozitul-pe-profit\/","url":"https:\/\/www.proculture.ro\/pro\/directioneaza-20-din-impozitul-pe-profit\/","name":"Direc\u021bioneaz\u0103 20% din Impozitul pe Profit - Proculture.ro","isPartOf":{"@id":"https:\/\/www.proculture.ro\/pro\/#website"},"datePublished":"2023-01-23T18:11:06+00:00","dateModified":"2023-01-24T19:30:40+00:00","description":"Direc\u021bioneaz\u0103 20% din Impozitul pe Venit c\u0103tre Funda\u021bia Rom\u00e2nia Pro-Culture.","breadcrumb":{"@id":"https:\/\/www.proculture.ro\/pro\/directioneaza-20-din-impozitul-pe-profit\/#breadcrumb"},"inLanguage":"ro-RO","potentialAction":[{"@type":"ReadAction","target":["https:\/\/www.proculture.ro\/pro\/directioneaza-20-din-impozitul-pe-profit\/"]}]},{"@type":"BreadcrumbList","@id":"https:\/\/www.proculture.ro\/pro\/directioneaza-20-din-impozitul-pe-profit\/#breadcrumb","itemListElement":[{"@type":"ListItem","position":1,"name":"Prima pagin\u0103","item":"https:\/\/www.proculture.ro\/pro\/"},{"@type":"ListItem","position":2,"name":"Direc\u021bioneaz\u0103 20% din Impozitul pe Profit"}]},{"@type":"WebSite","@id":"https:\/\/www.proculture.ro\/pro\/#website","url":"https:\/\/www.proculture.ro\/pro\/","name":"Proculture.ro","description":"Educa\u021bie, Dezvoltare \u0219i Impact Social","potentialAction":[{"@type":"SearchAction","target":{"@type":"EntryPoint","urlTemplate":"https:\/\/www.proculture.ro\/pro\/?s={search_term_string}"},"query-input":{"@type":"PropertyValueSpecification","valueRequired":true,"valueName":"search_term_string"}}],"inLanguage":"ro-RO"}]}},"_links":{"self":[{"href":"https:\/\/www.proculture.ro\/pro\/wp-json\/wp\/v2\/pages\/881","targetHints":{"allow":["GET"]}}],"collection":[{"href":"https:\/\/www.proculture.ro\/pro\/wp-json\/wp\/v2\/pages"}],"about":[{"href":"https:\/\/www.proculture.ro\/pro\/wp-json\/wp\/v2\/types\/page"}],"author":[{"embeddable":true,"href":"https:\/\/www.proculture.ro\/pro\/wp-json\/wp\/v2\/users\/1"}],"replies":[{"embeddable":true,"href":"https:\/\/www.proculture.ro\/pro\/wp-json\/wp\/v2\/comments?post=881"}],"version-history":[{"count":13,"href":"https:\/\/www.proculture.ro\/pro\/wp-json\/wp\/v2\/pages\/881\/revisions"}],"predecessor-version":[{"id":993,"href":"https:\/\/www.proculture.ro\/pro\/wp-json\/wp\/v2\/pages\/881\/revisions\/993"}],"wp:attachment":[{"href":"https:\/\/www.proculture.ro\/pro\/wp-json\/wp\/v2\/media?parent=881"}],"curies":[{"name":"wp","href":"https:\/\/api.w.org\/{rel}","templated":true}]}}